{"id":3,"date":"2025-06-16T14:37:46","date_gmt":"2025-06-16T14:37:46","guid":{"rendered":"https:\/\/davidmirandaagricultor.com\/?page_id=3"},"modified":"2025-06-19T14:11:37","modified_gmt":"2025-06-19T14:11:37","slug":"privacy-policy","status":"publish","type":"page","link":"https:\/\/davidmirandaagricultor.com\/index.php\/privacy-policy\/","title":{"rendered":"Pol\u00edtica de privacidad"},"content":{"rendered":"\t\t<div data-elementor-type=\"wp-page\" data-elementor-id=\"3\" class=\"elementor elementor-3\" data-elementor-post-type=\"page\">\n\t\t\t\t<div class=\"elementor-element elementor-element-3f58557d e-flex e-con-boxed e-con e-parent\" data-id=\"3f58557d\" data-element_type=\"container\" data-e-type=\"container\">\n\t\t\t\t\t<div class=\"e-con-inner\">\n\t\t\t\t<div class=\"elementor-element elementor-element-6e59cf90 elementor-widget elementor-widget-text-editor\" data-id=\"6e59cf90\" data-element_type=\"widget\" data-e-type=\"widget\" data-widget_type=\"text-editor.default\">\n\t\t\t\t<div class=\"elementor-widget-container\">\n\t\t\t\t\t\t\t\t\t<p><\/p>\n<h2 class=\"wp-block-heading\">TRATAMIENTO DE LOS DATOS PERSONALES<\/h2>\n<p>Los datos personales recogidos en nuestra p\u00e1gina web son tratados cumpliendo con las exigencias del Reglamento (UE) 2016\/679 del Parlamento Europeo y del Consejo, de 27 de abril de 2016, relativo a la protecci\u00f3n de las personas f\u00edsicas en lo que respecta al tratamiento de datos personales y a la libre circulaci\u00f3n de estos datos, as\u00ed como con la Ley Org\u00e1nica 3\/2018, de 5 de diciembre, de Protecci\u00f3n de Datos Personales y garant\u00eda de los derechos digitales.<\/p>\n<p>As\u00ed mismo, garantizamos que los datos personales son tratados de manera l\u00edcita, leal y transparente, y son recogidos con fines determinados, expl\u00edcitos y leg\u00edtimos, manteni\u00e9ndose limitados a dichos fines y actualizados si fuera necesario. No se permitir\u00e1 la identificaci\u00f3n de los interesados durante m\u00e1s tiempo del necesario y se garantizar\u00e1 su seguridad mediante las medidas t\u00e9cnicas y organizativas adecuadas.<\/p>\n<h2>\u00bfQui\u00e9n es responsable de sus datos personales?<\/h2>\n<p><strong>Raz\u00f3n Social:<\/strong> David Miranda Senli<br><strong>Direcci\u00f3n:<\/strong> Miguel Fleta 13 1A 44600 Alca\u00f1iz Teruel<br><strong>C.I.F.:<\/strong> 73260912R<br>Tel\u00e9fono: 610763787<br><strong>E-mail:<\/strong> mirandanento@gmail.com<\/p>\n<h3>\u00bfPara qu\u00e9 tratamos sus datos y qu\u00e9 nos permite hacerlo? \u00bfPor qu\u00e9 podemos tratar sus datos?<\/h3>\n<p>Los datos personales ser\u00e1n tratados por la entidad responsable cuando usted los proporcione completando los formularios de registro o de contacto, enviando correos electr\u00f3nicos o llamando por tel\u00e9fono.<\/p>\n<p>Los datos van a ser tratados con la finalidad de comunicarnos con los interesados por cualquier medio y responder a consultas y solicitudes de informaci\u00f3n.<\/p>\n<ul>\n<li aria-level=\"1\">Responder a consultas y solicitudes de informaci\u00f3n. Cuando el interesado nos hace llegar una consulta o solicitud de informaci\u00f3n tratamos sus datos con su consentimiento para darle respuesta sobre la consulta o solicitud.<\/li>\n<li aria-level=\"1\">Comunicarnos comercialmente con los interesados por cualquier medio:<\/li>\n<li aria-level=\"1\">Cuando el usuario nos lo autoriza en el formulario de contacto, podemos comunicarnos comercialmente con \u00e9l por medios electr\u00f3nicos sobre nuestros servicios y actividades, tratando sus datos con su consentimiento.<\/li>\n<li aria-level=\"1\">Cuando el interesado registra su correo electr\u00f3nico en nuestro formulario al respecto, tratamos sus datos con su consentimiento para mantenerle informado mediante comunicaciones peri\u00f3dicas por medios electr\u00f3nicos sobre nuestros servicios y actividades.<\/li>\n<\/ul>\n<p>Los interesados pueden oponerse en cada una de las comunicaciones enviadas y adicionalmente mediante el mecanismo previsto en el apartado \u201c\u00bfCu\u00e1les son sus derechos?\u201d.<\/p>\n<h2>\u00bfA qui\u00e9n proporcionamos sus datos?<\/h2>\n<p>Podemos comunicar los datos personales a terceros proveedores encargados del tratamiento, con la \u00fanica finalidad de que nos presten determinados servicios siguiendo nuestras instrucciones sin utilizar los datos para sus propias finalidades y con objeto de llevar a cabo las actividades que nos son propias, o a las administraciones p\u00fablicas competentes en cumplimiento de obligaciones legales.<\/p>\n<p>\u00bfCu\u00e1nto tiempo conservamos sus datos?<\/p>\n<p>Por regla general los datos ser\u00e1n conservados mientras sean compatibles con la finalidad con la que fueron recogidos, en cumplimiento de obligaciones legales de conservaci\u00f3n y para hacer frente a las responsabilidades que pudieran derivarse del tratamiento, para despu\u00e9s ser suprimidos.<\/p>\n<p>Los datos recogidos con la finalidad de comunicarnos comercialmente ser\u00e1n conservados mientras perdure dicha finalidad o el usuario se oponga al tratamiento.<\/p>\n<h2>\u00bfCu\u00e1les son sus derechos?<\/h2>\n<p>Usted podr\u00e1:<\/p>\n<ol>\n<li aria-level=\"1\">Obtener m\u00e1s informaci\u00f3n<\/li>\n<li aria-level=\"1\">Retirar su consentimiento cuando lo hubiera prestado para un tratamiento determinado<\/li>\n<li aria-level=\"1\">Dejar de recibir nuestras comunicaciones de car\u00e1cter comercial, enviando \u201cQuiero dejar de recibir comunicaciones comerciales\u201d al correo electr\u00f3nico del responsable.<\/li>\n<li aria-level=\"1\">Ejercer sus derechos de:<\/li>\n<\/ol>\n<ul>\n<li aria-level=\"1\">Acceso, o conocer que datos personales tratamos de usted;<\/li>\n<li aria-level=\"1\">Rectificaci\u00f3n, o corregir datos personales incorrectos o inexactos;<\/li>\n<li aria-level=\"1\">Supresi\u00f3n, o a eliminar los datos personales que tenemos de usted que no estemos obligados legalmente a conservar;<\/li>\n<li aria-level=\"1\">Oposici\u00f3n, o a que dejemos de tratar sus datos personales con una finalidad concreta;<\/li>\n<li aria-level=\"1\">Limitaci\u00f3n, o a restringir el tratamiento que realizamos;<\/li>\n<li aria-level=\"1\">Portabilidad, o a que le proporcionemos los datos personales que obran en nuestro poder;<\/li>\n<\/ul>\n<p>Para poder ejercer cualquiera de los derechos que le otorga la normativa de protecci\u00f3n de datos, usted podr\u00e1 solicitar al responsable un formulario para el ejercicio de derechos o descargar directamente cualquiera de los formularios propuestos por la Agencia Espa\u00f1ola de Protecci\u00f3n de Datos a trav\u00e9s de este&nbsp;<a href=\"https:\/\/www.aepd.es\/reglamento\/derechos\/index.html\">enlace<\/a>&nbsp;y presentarlo cumplimentado con la informaci\u00f3n adicional que permita acreditar su identidad, en la direcci\u00f3n o correo electr\u00f3nico del responsable.<\/p>\n<p><b>Raz\u00f3n Social:<\/b> David Miranda Senli<\/p><p><b>Direcci\u00f3n: <\/b>Miguel Fleta 13 1A 44600 Alca\u00f1iz Teruel<\/p><p><b>C.I.F.: <\/b>73260912R<\/p><p><b>Tel\u00e9fono: <\/b>610763787<\/p><p><b>E-mail: <\/b>mirandanento@gmail.com<\/p>\n<p>Puede encontrar m\u00e1s informaci\u00f3n sobre sus derechos o presentar una reclamaci\u00f3n ante la autoridad de control competente en la Agencia Espa\u00f1ola de Protecci\u00f3n de Datos&nbsp;<a href=\"http:\/\/www.agpd.es\/\">http:\/\/www.agpd.es<\/a>&nbsp;\u2013 C\/ Jorge Juan, 6. 28001 \u2013 Madrid (901 100 099 \u2013 912 663 517).<\/p>\t\t\t\t\t\t\t\t<\/div>\n\t\t\t\t<\/div>\n\t\t\t\t\t<\/div>\n\t\t\t\t<\/div>\n\t\t\t\t<\/div>\n\t\t","protected":false},"excerpt":{"rendered":"<p>TRATAMIENTO DE LOS DATOS PERSONALES Los datos personales recogidos en nuestra p\u00e1gina web son tratados cumpliendo con las exigencias del Reglamento (UE) 2016\/679 del Parlamento Europeo y del Consejo, de 27 de abril de 2016, relativo a la protecci\u00f3n de las personas f\u00edsicas en lo que respecta al tratamiento de datos personales y a la [&hellip;]<\/p>\n","protected":false},"author":1,"featured_media":0,"parent":0,"menu_order":0,"comment_status":"closed","ping_status":"closed","template":"","meta":{"footnotes":""},"class_list":["post-3","page","type-page","status-publish","hentry"],"yoast_head":"<!-- This site is optimized with the Yoast SEO plugin v27.4 - https:\/\/yoast.com\/product\/yoast-seo-wordpress\/ -->\n<title>Pol\u00edtica de privacidad - David Miranda<\/title>\n<meta name=\"robots\" content=\"noindex, nofollow\" \/>\n<meta property=\"og:locale\" content=\"es_ES\" \/>\n<meta property=\"og:type\" content=\"article\" \/>\n<meta property=\"og:title\" content=\"Pol\u00edtica de privacidad - David Miranda\" \/>\n<meta property=\"og:description\" content=\"TRATAMIENTO DE LOS DATOS PERSONALES Los datos personales recogidos en nuestra p\u00e1gina web son tratados cumpliendo con las exigencias del Reglamento (UE) 2016\/679 del Parlamento Europeo y del Consejo, de 27 de abril de 2016, relativo a la protecci\u00f3n de las personas f\u00edsicas en lo que respecta al tratamiento de datos personales y a la [&hellip;]\" \/>\n<meta property=\"og:url\" content=\"https:\/\/davidmirandaagricultor.com\/index.php\/privacy-policy\/\" \/>\n<meta property=\"og:site_name\" content=\"David Miranda\" \/>\n<meta property=\"article:modified_time\" content=\"2025-06-19T14:11:37+00:00\" \/>\n<meta name=\"twitter:card\" content=\"summary_large_image\" \/>\n<meta name=\"twitter:label1\" content=\"Tiempo de lectura\" \/>\n\t<meta name=\"twitter:data1\" content=\"4 minutos\" \/>\n<script type=\"application\/ld+json\" class=\"yoast-schema-graph\">{\"@context\":\"https:\\\/\\\/schema.org\",\"@graph\":[{\"@type\":\"WebPage\",\"@id\":\"https:\\\/\\\/davidmirandaagricultor.com\\\/index.php\\\/privacy-policy\\\/\",\"url\":\"https:\\\/\\\/davidmirandaagricultor.com\\\/index.php\\\/privacy-policy\\\/\",\"name\":\"Pol\u00edtica de privacidad - David Miranda\",\"isPartOf\":{\"@id\":\"https:\\\/\\\/davidmirandaagricultor.com\\\/#website\"},\"datePublished\":\"2025-06-16T14:37:46+00:00\",\"dateModified\":\"2025-06-19T14:11:37+00:00\",\"breadcrumb\":{\"@id\":\"https:\\\/\\\/davidmirandaagricultor.com\\\/index.php\\\/privacy-policy\\\/#breadcrumb\"},\"inLanguage\":\"es\",\"potentialAction\":[{\"@type\":\"ReadAction\",\"target\":[\"https:\\\/\\\/davidmirandaagricultor.com\\\/index.php\\\/privacy-policy\\\/\"]}]},{\"@type\":\"BreadcrumbList\",\"@id\":\"https:\\\/\\\/davidmirandaagricultor.com\\\/index.php\\\/privacy-policy\\\/#breadcrumb\",\"itemListElement\":[{\"@type\":\"ListItem\",\"position\":1,\"name\":\"Portada\",\"item\":\"https:\\\/\\\/davidmirandaagricultor.com\\\/\"},{\"@type\":\"ListItem\",\"position\":2,\"name\":\"Pol\u00edtica de privacidad\"}]},{\"@type\":\"WebSite\",\"@id\":\"https:\\\/\\\/davidmirandaagricultor.com\\\/#website\",\"url\":\"https:\\\/\\\/davidmirandaagricultor.com\\\/\",\"name\":\"David Miranda\",\"description\":\"Agricultura con ra\u00edces, trabajo con pasi\u00f3n.\",\"publisher\":{\"@id\":\"https:\\\/\\\/davidmirandaagricultor.com\\\/#organization\"},\"potentialAction\":[{\"@type\":\"SearchAction\",\"target\":{\"@type\":\"EntryPoint\",\"urlTemplate\":\"https:\\\/\\\/davidmirandaagricultor.com\\\/?s={search_term_string}\"},\"query-input\":{\"@type\":\"PropertyValueSpecification\",\"valueRequired\":true,\"valueName\":\"search_term_string\"}}],\"inLanguage\":\"es\"},{\"@type\":\"Organization\",\"@id\":\"https:\\\/\\\/davidmirandaagricultor.com\\\/#organization\",\"name\":\"David Miranda\",\"url\":\"https:\\\/\\\/davidmirandaagricultor.com\\\/\",\"logo\":{\"@type\":\"ImageObject\",\"inLanguage\":\"es\",\"@id\":\"https:\\\/\\\/davidmirandaagricultor.com\\\/#\\\/schema\\\/logo\\\/image\\\/\",\"url\":\"https:\\\/\\\/davidmirandaagricultor.com\\\/wp-content\\\/uploads\\\/2025\\\/06\\\/Logo_David_Miranda.png\",\"contentUrl\":\"https:\\\/\\\/davidmirandaagricultor.com\\\/wp-content\\\/uploads\\\/2025\\\/06\\\/Logo_David_Miranda.png\",\"width\":355,\"height\":123,\"caption\":\"David Miranda\"},\"image\":{\"@id\":\"https:\\\/\\\/davidmirandaagricultor.com\\\/#\\\/schema\\\/logo\\\/image\\\/\"}}]}<\/script>\n<!-- \/ Yoast SEO plugin. -->","yoast_head_json":{"title":"Pol\u00edtica de privacidad - David Miranda","robots":{"index":"noindex","follow":"nofollow"},"og_locale":"es_ES","og_type":"article","og_title":"Pol\u00edtica de privacidad - David Miranda","og_description":"TRATAMIENTO DE LOS DATOS PERSONALES Los datos personales recogidos en nuestra p\u00e1gina web son tratados cumpliendo con las exigencias del Reglamento (UE) 2016\/679 del Parlamento Europeo y del Consejo, de 27 de abril de 2016, relativo a la protecci\u00f3n de las personas f\u00edsicas en lo que respecta al tratamiento de datos personales y a la [&hellip;]","og_url":"https:\/\/davidmirandaagricultor.com\/index.php\/privacy-policy\/","og_site_name":"David Miranda","article_modified_time":"2025-06-19T14:11:37+00:00","twitter_card":"summary_large_image","twitter_misc":{"Tiempo de lectura":"4 minutos"},"schema":{"@context":"https:\/\/schema.org","@graph":[{"@type":"WebPage","@id":"https:\/\/davidmirandaagricultor.com\/index.php\/privacy-policy\/","url":"https:\/\/davidmirandaagricultor.com\/index.php\/privacy-policy\/","name":"Pol\u00edtica de privacidad - David Miranda","isPartOf":{"@id":"https:\/\/davidmirandaagricultor.com\/#website"},"datePublished":"2025-06-16T14:37:46+00:00","dateModified":"2025-06-19T14:11:37+00:00","breadcrumb":{"@id":"https:\/\/davidmirandaagricultor.com\/index.php\/privacy-policy\/#breadcrumb"},"inLanguage":"es","potentialAction":[{"@type":"ReadAction","target":["https:\/\/davidmirandaagricultor.com\/index.php\/privacy-policy\/"]}]},{"@type":"BreadcrumbList","@id":"https:\/\/davidmirandaagricultor.com\/index.php\/privacy-policy\/#breadcrumb","itemListElement":[{"@type":"ListItem","position":1,"name":"Portada","item":"https:\/\/davidmirandaagricultor.com\/"},{"@type":"ListItem","position":2,"name":"Pol\u00edtica de privacidad"}]},{"@type":"WebSite","@id":"https:\/\/davidmirandaagricultor.com\/#website","url":"https:\/\/davidmirandaagricultor.com\/","name":"David Miranda","description":"Agricultura con ra\u00edces, trabajo con pasi\u00f3n.","publisher":{"@id":"https:\/\/davidmirandaagricultor.com\/#organization"},"potentialAction":[{"@type":"SearchAction","target":{"@type":"EntryPoint","urlTemplate":"https:\/\/davidmirandaagricultor.com\/?s={search_term_string}"},"query-input":{"@type":"PropertyValueSpecification","valueRequired":true,"valueName":"search_term_string"}}],"inLanguage":"es"},{"@type":"Organization","@id":"https:\/\/davidmirandaagricultor.com\/#organization","name":"David Miranda","url":"https:\/\/davidmirandaagricultor.com\/","logo":{"@type":"ImageObject","inLanguage":"es","@id":"https:\/\/davidmirandaagricultor.com\/#\/schema\/logo\/image\/","url":"https:\/\/davidmirandaagricultor.com\/wp-content\/uploads\/2025\/06\/Logo_David_Miranda.png","contentUrl":"https:\/\/davidmirandaagricultor.com\/wp-content\/uploads\/2025\/06\/Logo_David_Miranda.png","width":355,"height":123,"caption":"David Miranda"},"image":{"@id":"https:\/\/davidmirandaagricultor.com\/#\/schema\/logo\/image\/"}}]}},"_links":{"self":[{"href":"https:\/\/davidmirandaagricultor.com\/index.php\/wp-json\/wp\/v2\/pages\/3","targetHints":{"allow":["GET"]}}],"collection":[{"href":"https:\/\/davidmirandaagricultor.com\/index.php\/wp-json\/wp\/v2\/pages"}],"about":[{"href":"https:\/\/davidmirandaagricultor.com\/index.php\/wp-json\/wp\/v2\/types\/page"}],"author":[{"embeddable":true,"href":"https:\/\/davidmirandaagricultor.com\/index.php\/wp-json\/wp\/v2\/users\/1"}],"replies":[{"embeddable":true,"href":"https:\/\/davidmirandaagricultor.com\/index.php\/wp-json\/wp\/v2\/comments?post=3"}],"version-history":[{"count":0,"href":"https:\/\/davidmirandaagricultor.com\/index.php\/wp-json\/wp\/v2\/pages\/3\/revisions"}],"wp:attachment":[{"href":"https:\/\/davidmirandaagricultor.com\/index.php\/wp-json\/wp\/v2\/media?parent=3"}],"curies":[{"name":"wp","href":"https:\/\/api.w.org\/{rel}","templated":true}]}}