{"id":200,"date":"2025-06-17T07:23:53","date_gmt":"2025-06-17T07:23:53","guid":{"rendered":"https:\/\/davidmirandaagricultor.com\/?page_id=200"},"modified":"2025-06-19T14:11:49","modified_gmt":"2025-06-19T14:11:49","slug":"aviso-legal","status":"publish","type":"page","link":"https:\/\/davidmirandaagricultor.com\/index.php\/aviso-legal\/","title":{"rendered":"Aviso legal"},"content":{"rendered":"\t\t<div data-elementor-type=\"wp-page\" data-elementor-id=\"200\" class=\"elementor elementor-200\" data-elementor-post-type=\"page\">\n\t\t\t\t<div class=\"elementor-element elementor-element-ea83c07 e-flex e-con-boxed e-con e-parent\" data-id=\"ea83c07\" data-element_type=\"container\" data-e-type=\"container\">\n\t\t\t\t\t<div class=\"e-con-inner\">\n\t\t\t\t<div class=\"elementor-element elementor-element-9b65b4f elementor-widget elementor-widget-text-editor\" data-id=\"9b65b4f\" data-element_type=\"widget\" data-e-type=\"widget\" data-widget_type=\"text-editor.default\">\n\t\t\t\t<div class=\"elementor-widget-container\">\n\t\t\t\t\t\t\t\t\t<h1><strong style=\"color: #747474; font-family: Roboto, sans-serif; font-size: 16px;\">Raz\u00f3n Social:\u00a0<\/strong><span style=\"color: #747474; font-family: Roboto, sans-serif;\"><span style=\"font-size: 16px; font-weight: 400;\">David Miranda Senli<\/span><\/span><\/h1><h1><strong style=\"color: #747474; font-family: Roboto, sans-serif; font-size: 16px;\">Direcci\u00f3n:<\/strong><span style=\"color: #747474; font-family: Roboto, sans-serif; font-size: 16px; font-weight: 400;\">\u00a0Miguel Fleta 13 1A 44600 Alca\u00f1iz Teruel<\/span><\/h1><h1><strong style=\"color: #747474; font-family: Roboto, sans-serif; font-size: 16px;\">C.I.F.:\u00a0<\/strong><span style=\"color: #747474; font-family: Roboto, sans-serif; font-size: 16px; font-weight: 400;\">73260912R<\/span><\/h1><h1><strong style=\"color: #747474; font-family: Roboto, sans-serif; font-size: 16px;\">Tel\u00e9fono:<\/strong><span style=\"color: #747474; font-family: Roboto, sans-serif; font-size: 16px; font-weight: 400;\">\u00a0610763787<\/span><\/h1><h1><strong style=\"color: #747474; font-family: Roboto, sans-serif; font-size: 16px;\">E-mail:<\/strong><span style=\"color: #747474; font-family: Roboto, sans-serif; font-size: 16px; font-weight: 400;\">\u00a0mirandanento@gmail.com<\/span><\/h1><h2>2. Limitaci\u00f3n de responsabilidades\u00a0<\/h2><p>La entidad proporciona el sitio web corporativo como medio de dar a conocer sus productos y servicios, y permitir el contacto con los clientes. La informaci\u00f3n de la p\u00e1gina web se presenta de buena fe como cierta, pero nos reservamos el derecho a modificarla no asumiendo compromiso alguno de comunicar cambios con el prop\u00f3sito de actualizarla, corregirla, eliminarla y cualesquiera otras en inter\u00e9s de la entidad o de nuestros clientes.<br \/>La entidad no se hace responsable de que la informaci\u00f3n contenida en la p\u00e1gina web corresponda con las expectativas del Usuario. Del mismo modo, no responde de la veracidad, exactitud, suficiencia, integridad o actualizaci\u00f3n de la informaci\u00f3n que no sea elaborada propiamente por el responsable. En ning\u00fan caso la entidad se hace responsable de las opiniones o comentarios que puedan aparecer en la p\u00e1gina web.<br \/>Con la intenci\u00f3n de que el usuario pueda encontrar informaci\u00f3n adicional, la entidad podr\u00e1 incluir enlaces que permitan el acceso a otras p\u00e1ginas webs. En ning\u00fan caso, la existencia de dichos enlaces supone recomendaci\u00f3n, promoci\u00f3n o conformidad de la entidad con las manifestaciones, contenidos, o servicios ofrecidos en la p\u00e1gina web enlazada. En esos casos, la entidad act\u00faa como un prestador de servicios de intermediaci\u00f3n, por lo que, en virtud del art\u00edculo 17 LSSI, la entidad no ser\u00e1 responsable de los servicios y contenidos proporcionados a trav\u00e9s de dichos enlaces, excepto que en el caso de que sea consciente de la ilicitud del contenido y no haya procedido a actuar con la debida diligencia.<br \/>La entidad no se responsabiliza por los da\u00f1os y perjuicios de toda naturaleza que pueda sufrir el usuario mientras visita nuestra p\u00e1gina web por la presencia de virus o fallos inform\u00e1ticos en los contenidos, que puedan producir alteraciones en el sistema inform\u00e1tico, en documentos electr\u00f3nicos o en ficheros de los Clientes.<\/p><h2>3. Propiedad intelectual<\/h2><p>Todos los contenidos del presente sitio web, entendiendo por tales los distintos elementos que lo constituyen (textos, dibujos, gr\u00e1ficos, fotograf\u00edas, im\u00e1genes, v\u00eddeos, m\u00fasica, c\u00f3digo, dise\u00f1o de web y cualquier otra creaci\u00f3n), corresponden a la entidad o a sus licenciantes estando todos ellos protegidos con arreglo a la Ley espa\u00f1ola de Propiedad Intelectual y dem\u00e1s legislaci\u00f3n espa\u00f1ola e internacional vigente relativa a los derechos de autor.<\/p><p>Asimismo, la entidad es titular de los derechos de propiedad industrial derivados del uso de marcas, signos distintivos y nombres comerciales que figuran en la web.<br \/>En ning\u00fan caso se entender\u00e1 que la puesta a disposici\u00f3n al p\u00fablico de la p\u00e1gina web constituye renuncia, cesi\u00f3n o licencia de los derechos que la entidad tiene sobre los contenidos y los signos distintivos de la misma. En consecuencia, salvo en aquellos supuestos en los que est\u00e9 legalmente permitido o exista autorizaci\u00f3n previa del Responsable, queda expresamente prohibido al usuario la reproducci\u00f3n, transformaci\u00f3n, distribuci\u00f3n, comunicaci\u00f3n p\u00fablica, puesta a disposici\u00f3n, extracci\u00f3n y\/o reutilizaci\u00f3n del sitio web, sus contenidos y los signos distintivos tanto del responsable, como de aquellos terceros que aparezcan en el sitio web. La entidad se reserva la posibilidad de ejercer las acciones legales correspondientes contra los Usuarios que infrinjan las condiciones de uso anteriormente establecidas.<br \/>La reproducci\u00f3n, transformaci\u00f3n, distribuci\u00f3n, comunicaci\u00f3n p\u00fablica, puesta a disposici\u00f3n, extracci\u00f3n y\/o reutilizaci\u00f3n del sitio web, sin la correspondiente autorizaci\u00f3n de los titulares de los derechos de propiedad intelectual o de sus cesionarios, supone la comisi\u00f3n de infracciones tipificadas por la normativa aplicable, penalmente castigadas con penas de prisi\u00f3n de hasta dos a\u00f1os.<\/p>\t\t\t\t\t\t\t\t<\/div>\n\t\t\t\t<\/div>\n\t\t\t\t\t<\/div>\n\t\t\t\t<\/div>\n\t\t\t\t<\/div>\n\t\t","protected":false},"excerpt":{"rendered":"<p>Raz\u00f3n Social:\u00a0David Miranda Senli Direcci\u00f3n:\u00a0Miguel Fleta 13 1A 44600 Alca\u00f1iz Teruel C.I.F.:\u00a073260912R Tel\u00e9fono:\u00a0610763787 E-mail:\u00a0mirandanento@gmail.com 2. Limitaci\u00f3n de responsabilidades\u00a0 La entidad proporciona el sitio web corporativo como medio de dar a conocer sus productos y servicios, y permitir el contacto con los clientes. La informaci\u00f3n de la p\u00e1gina web se presenta de buena fe como cierta, [&hellip;]<\/p>\n","protected":false},"author":1,"featured_media":0,"parent":0,"menu_order":0,"comment_status":"closed","ping_status":"closed","template":"","meta":{"footnotes":""},"class_list":["post-200","page","type-page","status-publish","hentry"],"yoast_head":"<!-- This site is optimized with the Yoast SEO plugin v27.4 - https:\/\/yoast.com\/product\/yoast-seo-wordpress\/ -->\n<title>Aviso legal - David Miranda<\/title>\n<meta name=\"robots\" content=\"noindex, nofollow\" \/>\n<meta property=\"og:locale\" content=\"es_ES\" \/>\n<meta property=\"og:type\" content=\"article\" \/>\n<meta property=\"og:title\" content=\"Aviso legal - David Miranda\" \/>\n<meta property=\"og:description\" content=\"Raz\u00f3n Social:\u00a0David Miranda Senli Direcci\u00f3n:\u00a0Miguel Fleta 13 1A 44600 Alca\u00f1iz Teruel C.I.F.:\u00a073260912R Tel\u00e9fono:\u00a0610763787 E-mail:\u00a0mirandanento@gmail.com 2. Limitaci\u00f3n de responsabilidades\u00a0 La entidad proporciona el sitio web corporativo como medio de dar a conocer sus productos y servicios, y permitir el contacto con los clientes. La informaci\u00f3n de la p\u00e1gina web se presenta de buena fe como cierta, [&hellip;]\" \/>\n<meta property=\"og:url\" content=\"https:\/\/davidmirandaagricultor.com\/index.php\/aviso-legal\/\" \/>\n<meta property=\"og:site_name\" content=\"David Miranda\" \/>\n<meta property=\"article:modified_time\" content=\"2025-06-19T14:11:49+00:00\" \/>\n<meta name=\"twitter:card\" content=\"summary_large_image\" \/>\n<meta name=\"twitter:label1\" content=\"Tiempo de lectura\" \/>\n\t<meta name=\"twitter:data1\" content=\"3 minutos\" \/>\n<script type=\"application\/ld+json\" class=\"yoast-schema-graph\">{\"@context\":\"https:\\\/\\\/schema.org\",\"@graph\":[{\"@type\":\"WebPage\",\"@id\":\"https:\\\/\\\/davidmirandaagricultor.com\\\/index.php\\\/aviso-legal\\\/\",\"url\":\"https:\\\/\\\/davidmirandaagricultor.com\\\/index.php\\\/aviso-legal\\\/\",\"name\":\"Aviso legal - David Miranda\",\"isPartOf\":{\"@id\":\"https:\\\/\\\/davidmirandaagricultor.com\\\/#website\"},\"datePublished\":\"2025-06-17T07:23:53+00:00\",\"dateModified\":\"2025-06-19T14:11:49+00:00\",\"breadcrumb\":{\"@id\":\"https:\\\/\\\/davidmirandaagricultor.com\\\/index.php\\\/aviso-legal\\\/#breadcrumb\"},\"inLanguage\":\"es\",\"potentialAction\":[{\"@type\":\"ReadAction\",\"target\":[\"https:\\\/\\\/davidmirandaagricultor.com\\\/index.php\\\/aviso-legal\\\/\"]}]},{\"@type\":\"BreadcrumbList\",\"@id\":\"https:\\\/\\\/davidmirandaagricultor.com\\\/index.php\\\/aviso-legal\\\/#breadcrumb\",\"itemListElement\":[{\"@type\":\"ListItem\",\"position\":1,\"name\":\"Portada\",\"item\":\"https:\\\/\\\/davidmirandaagricultor.com\\\/\"},{\"@type\":\"ListItem\",\"position\":2,\"name\":\"Aviso legal\"}]},{\"@type\":\"WebSite\",\"@id\":\"https:\\\/\\\/davidmirandaagricultor.com\\\/#website\",\"url\":\"https:\\\/\\\/davidmirandaagricultor.com\\\/\",\"name\":\"David Miranda\",\"description\":\"Agricultura con ra\u00edces, trabajo con pasi\u00f3n.\",\"publisher\":{\"@id\":\"https:\\\/\\\/davidmirandaagricultor.com\\\/#organization\"},\"potentialAction\":[{\"@type\":\"SearchAction\",\"target\":{\"@type\":\"EntryPoint\",\"urlTemplate\":\"https:\\\/\\\/davidmirandaagricultor.com\\\/?s={search_term_string}\"},\"query-input\":{\"@type\":\"PropertyValueSpecification\",\"valueRequired\":true,\"valueName\":\"search_term_string\"}}],\"inLanguage\":\"es\"},{\"@type\":\"Organization\",\"@id\":\"https:\\\/\\\/davidmirandaagricultor.com\\\/#organization\",\"name\":\"David Miranda\",\"url\":\"https:\\\/\\\/davidmirandaagricultor.com\\\/\",\"logo\":{\"@type\":\"ImageObject\",\"inLanguage\":\"es\",\"@id\":\"https:\\\/\\\/davidmirandaagricultor.com\\\/#\\\/schema\\\/logo\\\/image\\\/\",\"url\":\"https:\\\/\\\/davidmirandaagricultor.com\\\/wp-content\\\/uploads\\\/2025\\\/06\\\/Logo_David_Miranda.png\",\"contentUrl\":\"https:\\\/\\\/davidmirandaagricultor.com\\\/wp-content\\\/uploads\\\/2025\\\/06\\\/Logo_David_Miranda.png\",\"width\":355,\"height\":123,\"caption\":\"David Miranda\"},\"image\":{\"@id\":\"https:\\\/\\\/davidmirandaagricultor.com\\\/#\\\/schema\\\/logo\\\/image\\\/\"}}]}<\/script>\n<!-- \/ Yoast SEO plugin. -->","yoast_head_json":{"title":"Aviso legal - David Miranda","robots":{"index":"noindex","follow":"nofollow"},"og_locale":"es_ES","og_type":"article","og_title":"Aviso legal - David Miranda","og_description":"Raz\u00f3n Social:\u00a0David Miranda Senli Direcci\u00f3n:\u00a0Miguel Fleta 13 1A 44600 Alca\u00f1iz Teruel C.I.F.:\u00a073260912R Tel\u00e9fono:\u00a0610763787 E-mail:\u00a0mirandanento@gmail.com 2. Limitaci\u00f3n de responsabilidades\u00a0 La entidad proporciona el sitio web corporativo como medio de dar a conocer sus productos y servicios, y permitir el contacto con los clientes. La informaci\u00f3n de la p\u00e1gina web se presenta de buena fe como cierta, [&hellip;]","og_url":"https:\/\/davidmirandaagricultor.com\/index.php\/aviso-legal\/","og_site_name":"David Miranda","article_modified_time":"2025-06-19T14:11:49+00:00","twitter_card":"summary_large_image","twitter_misc":{"Tiempo de lectura":"3 minutos"},"schema":{"@context":"https:\/\/schema.org","@graph":[{"@type":"WebPage","@id":"https:\/\/davidmirandaagricultor.com\/index.php\/aviso-legal\/","url":"https:\/\/davidmirandaagricultor.com\/index.php\/aviso-legal\/","name":"Aviso legal - David Miranda","isPartOf":{"@id":"https:\/\/davidmirandaagricultor.com\/#website"},"datePublished":"2025-06-17T07:23:53+00:00","dateModified":"2025-06-19T14:11:49+00:00","breadcrumb":{"@id":"https:\/\/davidmirandaagricultor.com\/index.php\/aviso-legal\/#breadcrumb"},"inLanguage":"es","potentialAction":[{"@type":"ReadAction","target":["https:\/\/davidmirandaagricultor.com\/index.php\/aviso-legal\/"]}]},{"@type":"BreadcrumbList","@id":"https:\/\/davidmirandaagricultor.com\/index.php\/aviso-legal\/#breadcrumb","itemListElement":[{"@type":"ListItem","position":1,"name":"Portada","item":"https:\/\/davidmirandaagricultor.com\/"},{"@type":"ListItem","position":2,"name":"Aviso legal"}]},{"@type":"WebSite","@id":"https:\/\/davidmirandaagricultor.com\/#website","url":"https:\/\/davidmirandaagricultor.com\/","name":"David Miranda","description":"Agricultura con ra\u00edces, trabajo con pasi\u00f3n.","publisher":{"@id":"https:\/\/davidmirandaagricultor.com\/#organization"},"potentialAction":[{"@type":"SearchAction","target":{"@type":"EntryPoint","urlTemplate":"https:\/\/davidmirandaagricultor.com\/?s={search_term_string}"},"query-input":{"@type":"PropertyValueSpecification","valueRequired":true,"valueName":"search_term_string"}}],"inLanguage":"es"},{"@type":"Organization","@id":"https:\/\/davidmirandaagricultor.com\/#organization","name":"David Miranda","url":"https:\/\/davidmirandaagricultor.com\/","logo":{"@type":"ImageObject","inLanguage":"es","@id":"https:\/\/davidmirandaagricultor.com\/#\/schema\/logo\/image\/","url":"https:\/\/davidmirandaagricultor.com\/wp-content\/uploads\/2025\/06\/Logo_David_Miranda.png","contentUrl":"https:\/\/davidmirandaagricultor.com\/wp-content\/uploads\/2025\/06\/Logo_David_Miranda.png","width":355,"height":123,"caption":"David Miranda"},"image":{"@id":"https:\/\/davidmirandaagricultor.com\/#\/schema\/logo\/image\/"}}]}},"_links":{"self":[{"href":"https:\/\/davidmirandaagricultor.com\/index.php\/wp-json\/wp\/v2\/pages\/200","targetHints":{"allow":["GET"]}}],"collection":[{"href":"https:\/\/davidmirandaagricultor.com\/index.php\/wp-json\/wp\/v2\/pages"}],"about":[{"href":"https:\/\/davidmirandaagricultor.com\/index.php\/wp-json\/wp\/v2\/types\/page"}],"author":[{"embeddable":true,"href":"https:\/\/davidmirandaagricultor.com\/index.php\/wp-json\/wp\/v2\/users\/1"}],"replies":[{"embeddable":true,"href":"https:\/\/davidmirandaagricultor.com\/index.php\/wp-json\/wp\/v2\/comments?post=200"}],"version-history":[{"count":0,"href":"https:\/\/davidmirandaagricultor.com\/index.php\/wp-json\/wp\/v2\/pages\/200\/revisions"}],"wp:attachment":[{"href":"https:\/\/davidmirandaagricultor.com\/index.php\/wp-json\/wp\/v2\/media?parent=200"}],"curies":[{"name":"wp","href":"https:\/\/api.w.org\/{rel}","templated":true}]}}